{"id":1050,"date":"2018-06-11T13:22:57","date_gmt":"2018-06-11T13:22:57","guid":{"rendered":"http:\/\/nvs-al.ch\/?page_id=1050"},"modified":"2018-06-11T13:22:57","modified_gmt":"2018-06-11T13:22:57","slug":"erste-hilfe-fuer-verletzten-vogel","status":"publish","type":"page","link":"https:\/\/nvs-al.ch\/?page_id=1050","title":{"rendered":"Erste Hilfe f\u00fcr verletzten Vogel"},"content":{"rendered":"<h5>Setzen Sie einen verletzten Wildvogel vorsichtig in eine kleine Kartonschachtel,<\/h5>\n<h5>die Dunkelheit wird das Tier beruhigen, und die Enge verhindert dass es sich<\/h5>\n<h5>durch Fl\u00fcgelschlagen noch mehr verletzt. Achten Sie auf gen\u00fcgend Luft.<\/h5>\n<p>&nbsp;<\/p>\n<h4>Bitte keine Selbstversuche &#8211; falsch gef\u00fctterte V\u00f6gel sind kaum \u00fcberlebensf\u00e4hig<\/h4>\n<h4>sofort in die Wildvogelstation bringen !!! <strong>Vogelstation Kreuzlingen 079 817 65 61<\/strong><\/h4>\n","protected":false},"excerpt":{"rendered":"<p>Setzen Sie einen verletzten Wildvogel vorsichtig in eine kleine Kartonschachtel, die Dunkelheit wird das Tier beruhigen, und die Enge verhindert dass es sich durch Fl\u00fcgelschlagen noch mehr verletzt. Achten Sie auf gen\u00fcgend Luft. &nbsp; Bitte keine Selbstversuche &#8211; falsch gef\u00fctterte V\u00f6gel sind kaum \u00fcberlebensf\u00e4hig sofort in die Wildvogelstation bringen !!!\u2026<\/p>\n<p> <a class=\"continue-reading-link\" href=\"https:\/\/nvs-al.ch\/?page_id=1050\"><span>Weiterlesen<\/span><i class=\"crycon-right-dir\"><\/i><\/a> <\/p>\n","protected":false},"author":1,"featured_media":0,"parent":0,"menu_order":0,"comment_status":"closed","ping_status":"closed","template":"","meta":{"footnotes":""},"class_list":["post-1050","page","type-page","status-publish","hentry"],"_links":{"self":[{"href":"https:\/\/nvs-al.ch\/index.php?rest_route=\/wp\/v2\/pages\/1050","targetHints":{"allow":["GET"]}}],"collection":[{"href":"https:\/\/nvs-al.ch\/index.php?rest_route=\/wp\/v2\/pages"}],"about":[{"href":"https:\/\/nvs-al.ch\/index.php?rest_route=\/wp\/v2\/types\/page"}],"author":[{"embeddable":true,"href":"https:\/\/nvs-al.ch\/index.php?rest_route=\/wp\/v2\/users\/1"}],"replies":[{"embeddable":true,"href":"https:\/\/nvs-al.ch\/index.php?rest_route=%2Fwp%2Fv2%2Fcomments&post=1050"}],"version-history":[{"count":1,"href":"https:\/\/nvs-al.ch\/index.php?rest_route=\/wp\/v2\/pages\/1050\/revisions"}],"predecessor-version":[{"id":1051,"href":"https:\/\/nvs-al.ch\/index.php?rest_route=\/wp\/v2\/pages\/1050\/revisions\/1051"}],"wp:attachment":[{"href":"https:\/\/nvs-al.ch\/index.php?rest_route=%2Fwp%2Fv2%2Fmedia&parent=1050"}],"curies":[{"name":"wp","href":"https:\/\/api.w.org\/{rel}","templated":true}]}}