{"id":14,"date":"2016-03-11T16:44:54","date_gmt":"2016-03-11T16:44:54","guid":{"rendered":"http:\/\/nvs-al.ch\/?page_id=14"},"modified":"2022-11-17T14:38:43","modified_gmt":"2022-11-17T14:38:43","slug":"der-verein","status":"publish","type":"page","link":"https:\/\/nvs-al.ch\/?page_id=14","title":{"rendered":"Der Verein"},"content":{"rendered":"<h5 style=\"padding-left: 30px;\"><strong>21 km2 Vereinsgebiet:<\/strong><br \/>\nWie der Name sagt, betreuen wir prim\u00e4r das Gebiet der Gemeinden Altnau und Langrickenbach. Da in unseren Nachbargemeinden keine eigenen Naturschutzvereine bestehen und sich die Natur wenig um politische Grenzen k\u00fcmmert, stehen wir auch allen B\u00fcrgerinnen und B\u00fcrgern der Nachbargemeinden M\u00fcnsterlingen, G\u00fcttingen und Lengwil offen.<\/h5>\n<h5 style=\"padding-left: 30px;\"><strong>Mitgliedschaft:<\/strong><br \/>\nJede und jeder Naturinteressierte ist bei uns herzlich willkommen. Als Mitglied entscheiden Sie selbst, wie stark und in welcher Form Sie sich engagieren \u2013 M\u00f6glichkeiten gibt es viele. Auch als Passivmitglied sind Sie gern gesehen. Der Jahresbeitrag betr\u00e4gt 25 Franken.<\/h5>\n<p>&nbsp;<\/p>\n<h5 style=\"padding-left: 30px; text-align: justify;\"><strong>Bankverbindung:<\/strong><br \/>\nCH68 8080 8004 3960 7768 0<br \/>\nNatur- und Vogelschutz<br \/>\n8595 Altnau<\/h5>\n<h5 style=\"text-align: justify;\"><\/h5>\n<h5><\/h5>\n<div id=\"rnw-paylink-button\"><\/div>\n<p><script type=\"module\">\nimport {PaylinkButton} from \"https:\/\/pay.raisenow.io\/button.js\"\nPaylinkButton.render('#rnw-paylink-button', {'solution-id': \"gbngm\", \n'solution-type': \"pay\", language: \"de\", size: \"medium\", width: \"fixed\", \n'color-scheme': \"dark\"})\n<\/script><\/p>\n","protected":false},"excerpt":{"rendered":"<p>21 km2 Vereinsgebiet: Wie der Name sagt, betreuen wir prim\u00e4r das Gebiet der Gemeinden Altnau und Langrickenbach. Da in unseren Nachbargemeinden keine eigenen Naturschutzvereine bestehen und sich die Natur wenig um politische Grenzen k\u00fcmmert, stehen wir auch allen B\u00fcrgerinnen und B\u00fcrgern der Nachbargemeinden M\u00fcnsterlingen, G\u00fcttingen und Lengwil offen. Mitgliedschaft: Jede\u2026<\/p>\n<p> <a class=\"continue-reading-link\" href=\"https:\/\/nvs-al.ch\/?page_id=14\"><span>Weiterlesen<\/span><i class=\"crycon-right-dir\"><\/i><\/a> <\/p>\n","protected":false},"author":1,"featured_media":0,"parent":0,"menu_order":0,"comment_status":"closed","ping_status":"closed","template":"","meta":{"footnotes":""},"class_list":["post-14","page","type-page","status-publish","hentry"],"_links":{"self":[{"href":"https:\/\/nvs-al.ch\/index.php?rest_route=\/wp\/v2\/pages\/14","targetHints":{"allow":["GET"]}}],"collection":[{"href":"https:\/\/nvs-al.ch\/index.php?rest_route=\/wp\/v2\/pages"}],"about":[{"href":"https:\/\/nvs-al.ch\/index.php?rest_route=\/wp\/v2\/types\/page"}],"author":[{"embeddable":true,"href":"https:\/\/nvs-al.ch\/index.php?rest_route=\/wp\/v2\/users\/1"}],"replies":[{"embeddable":true,"href":"https:\/\/nvs-al.ch\/index.php?rest_route=%2Fwp%2Fv2%2Fcomments&post=14"}],"version-history":[{"count":16,"href":"https:\/\/nvs-al.ch\/index.php?rest_route=\/wp\/v2\/pages\/14\/revisions"}],"predecessor-version":[{"id":2187,"href":"https:\/\/nvs-al.ch\/index.php?rest_route=\/wp\/v2\/pages\/14\/revisions\/2187"}],"wp:attachment":[{"href":"https:\/\/nvs-al.ch\/index.php?rest_route=%2Fwp%2Fv2%2Fmedia&parent=14"}],"curies":[{"name":"wp","href":"https:\/\/api.w.org\/{rel}","templated":true}]}}