{"id":20,"date":"2016-03-11T16:46:15","date_gmt":"2016-03-11T16:46:15","guid":{"rendered":"http:\/\/nvs-al.ch\/?page_id=20"},"modified":"2024-07-07T14:47:04","modified_gmt":"2024-07-07T14:47:04","slug":"kontakt","status":"publish","type":"page","link":"https:\/\/nvs-al.ch\/?page_id=20","title":{"rendered":"Kontakt"},"content":{"rendered":"<h4 style=\"padding-left: 30px;\"><strong>Natur- und Vogelschutzverein Langrickenbach Altnau<\/strong><\/h4>\n<h5 style=\"padding-left: 30px;\">Beat Leuch<br \/>\nKirchweg 25a<br \/>\n8553 H\u00fcttlingen<br \/>\nTel. 071 695 17 20<br \/>\n<span style=\"color: #3366ff;\"><a style=\"color: #3366ff;\" href=\"mailto:beat.leuch@nvs-al.ch\">beat.leuch@nvs-al.ch<\/a><\/span><\/h5>\n<h5 style=\"text-align: left; padding-left: 30px;\"><strong>N\u00fctzliche Links<\/strong><br \/>\n<strong> Naturschutz:<\/strong><\/h5>\n<h5 style=\"text-align: left; padding-left: 30px;\"><a href=\"http:\/\/www.birdlife.ch\">SVS\/Birdlife(Schweizer Vogelschutz)<\/a><br \/>\n<a href=\"http:\/\/www.vogelschutz-tg.ch\">Thurgauer Vogelschutz (Birdlife Thurgau)<\/a><br \/>\n<a href=\"http:\/\/www.vogelwarte.ch\">Schweizerische Vogelwarte Sempach<\/a><br \/>\n<a href=\"http:\/\/www.pronatura-tg.ch\">Pro Natura Thurgau<\/a><\/h5>\n<p>&nbsp;<\/p>\n<h5 style=\"padding-left: 30px;\"><strong>Beh\u00f6rden:<\/strong><br \/>\n<a href=\"http:\/\/www.bafu.admin.ch\/naturschutz\/index.html?lang=de\">Bundesamt f\u00fcr Umwelt BAFU<\/a><br \/>\n<a href=\"http:\/\/www.umwelt.tg.ch\">Amt f\u00fcr Umwelt des Kantons Thurgau<\/a><\/h5>\n<h5 style=\"padding-left: 30px;\"><strong>Garten:<\/strong><br \/>\n<a href=\"http:\/\/www.pronatura-tg.ch\/naturgarten\">Projekt Naturgarten (Pro Natura Thurgau)<\/a><br \/>\n<a href=\"http:\/\/www.bioterra.ch\/\">Bioterra<\/a><br \/>\n<a href=\"http:\/\/www.hochstamm-suisse.ch\/\">Hochstamm Suisse<\/a><br \/>\n<a href=\"http:\/\/www.prospecierara.ch\/\">Pro Specie rara<\/a><br \/>\n<a href=\"http:\/\/www.fructus.ch\/\">Fructus<\/a><\/h5>\n<h5 style=\"padding-left: 30px; text-align: justify;\"><strong>Biologie:<\/strong><br \/>\n<a href=\"http:\/\/www.tng.ch\/\">Thurgauische Naturforschende Gesellschaft<\/a><br \/>\n<a href=\"http:\/\/www.naturmuseum.tg.ch\/\">Naturmuseum Frauenfeld<\/a><br \/>\n<a href=\"http:\/\/www.naturmuseumsg.ch\/\">Naturmuseum St.Gallen<\/a><br \/>\n<a href=\"http:\/\/naturmuseum.tg.ch\">Naturmuseum Thurgau<\/a><\/h5>\n<h5 style=\"padding-left: 30px;\"><a href=\"http:\/\/wieselnetz.ch\">Wieselnetz<\/a><\/h5>\n<h5 style=\"padding-left: 30px;\"><a href=\"https:\/\/fledermausschutz-tg.ch\">Fledermausschutz Thurgau<\/a><\/h5>\n<h5 style=\"padding-left: 30px; text-align: justify;\"><\/h5>\n<p>&nbsp;<\/p>\n<h5><\/h5>\n<p>&nbsp;<\/p>\n","protected":false},"excerpt":{"rendered":"<p>Natur- und Vogelschutzverein Langrickenbach Altnau Beat Leuch Kirchweg 25a 8553 H\u00fcttlingen Tel. 071 695 17 20 beat.leuch@nvs-al.ch N\u00fctzliche Links Naturschutz: SVS\/Birdlife(Schweizer Vogelschutz) Thurgauer Vogelschutz (Birdlife Thurgau) Schweizerische Vogelwarte Sempach Pro Natura Thurgau &nbsp; Beh\u00f6rden: Bundesamt f\u00fcr Umwelt BAFU Amt f\u00fcr Umwelt des Kantons Thurgau Garten: Projekt Naturgarten (Pro Natura Thurgau)\u2026<\/p>\n<p> <a class=\"continue-reading-link\" href=\"https:\/\/nvs-al.ch\/?page_id=20\"><span>Weiterlesen<\/span><i class=\"crycon-right-dir\"><\/i><\/a> <\/p>\n","protected":false},"author":1,"featured_media":0,"parent":0,"menu_order":0,"comment_status":"closed","ping_status":"closed","template":"","meta":{"footnotes":""},"class_list":["post-20","page","type-page","status-publish","hentry"],"_links":{"self":[{"href":"https:\/\/nvs-al.ch\/index.php?rest_route=\/wp\/v2\/pages\/20","targetHints":{"allow":["GET"]}}],"collection":[{"href":"https:\/\/nvs-al.ch\/index.php?rest_route=\/wp\/v2\/pages"}],"about":[{"href":"https:\/\/nvs-al.ch\/index.php?rest_route=\/wp\/v2\/types\/page"}],"author":[{"embeddable":true,"href":"https:\/\/nvs-al.ch\/index.php?rest_route=\/wp\/v2\/users\/1"}],"replies":[{"embeddable":true,"href":"https:\/\/nvs-al.ch\/index.php?rest_route=%2Fwp%2Fv2%2Fcomments&post=20"}],"version-history":[{"count":8,"href":"https:\/\/nvs-al.ch\/index.php?rest_route=\/wp\/v2\/pages\/20\/revisions"}],"predecessor-version":[{"id":2533,"href":"https:\/\/nvs-al.ch\/index.php?rest_route=\/wp\/v2\/pages\/20\/revisions\/2533"}],"wp:attachment":[{"href":"https:\/\/nvs-al.ch\/index.php?rest_route=%2Fwp%2Fv2%2Fmedia&parent=20"}],"curies":[{"name":"wp","href":"https:\/\/api.w.org\/{rel}","templated":true}]}}