{"id":26,"date":"2016-03-11T16:47:24","date_gmt":"2016-03-11T16:47:24","guid":{"rendered":"http:\/\/nvs-al.ch\/?page_id=26"},"modified":"2022-03-20T15:17:46","modified_gmt":"2022-03-20T15:17:46","slug":"startseite","status":"publish","type":"page","link":"https:\/\/nvs-al.ch\/","title":{"rendered":"Startseite"},"content":{"rendered":"<h4 style=\"padding-left: 30px;\"><span style=\"color: #008080;\">Natur- und Vogelschutzverein Altnau Langrickenbach.<br \/>\n<\/span><\/h4>\n<h5 style=\"padding-left: 30px;\"><span style=\"color: #808080;\"><span style=\"color: #000000;\">Sch\u00f6n, dass Sie sich f\u00fcr die Natur und Vogelwelt in unseren Gemeinden interessieren. Wir vom Natur- und Vogelschutzverein Altnau Langrickenbach m\u00f6chten Ihnen auf diesen Seiten zeigen, was es in unsrer Gegend zu entdecken gibt und was Sie selbst beitragen k\u00f6nnen, um die Vielfalt unserer Flora und Fauna zu f\u00f6rdern.<\/span>\u00a0<\/span><\/h5>\n<h2>\u00a0 \u00a0 \u00a0<strong>\u00a0<\/strong><\/h2>\n<p>&nbsp;<\/p>\n","protected":false},"excerpt":{"rendered":"<p>Natur- und Vogelschutzverein Altnau Langrickenbach. Sch\u00f6n, dass Sie sich f\u00fcr die Natur und Vogelwelt in unseren Gemeinden interessieren. Wir vom Natur- und Vogelschutzverein Altnau Langrickenbach m\u00f6chten Ihnen auf diesen Seiten zeigen, was es in unsrer Gegend zu entdecken gibt und was Sie selbst beitragen k\u00f6nnen, um die Vielfalt unserer Flora\u2026<\/p>\n<p> <a class=\"continue-reading-link\" href=\"https:\/\/nvs-al.ch\/\"><span>Weiterlesen<\/span><i class=\"crycon-right-dir\"><\/i><\/a> <\/p>\n","protected":false},"author":1,"featured_media":0,"parent":0,"menu_order":0,"comment_status":"closed","ping_status":"closed","template":"","meta":{"footnotes":""},"class_list":["post-26","page","type-page","status-publish","hentry"],"_links":{"self":[{"href":"https:\/\/nvs-al.ch\/index.php?rest_route=\/wp\/v2\/pages\/26","targetHints":{"allow":["GET"]}}],"collection":[{"href":"https:\/\/nvs-al.ch\/index.php?rest_route=\/wp\/v2\/pages"}],"about":[{"href":"https:\/\/nvs-al.ch\/index.php?rest_route=\/wp\/v2\/types\/page"}],"author":[{"embeddable":true,"href":"https:\/\/nvs-al.ch\/index.php?rest_route=\/wp\/v2\/users\/1"}],"replies":[{"embeddable":true,"href":"https:\/\/nvs-al.ch\/index.php?rest_route=%2Fwp%2Fv2%2Fcomments&post=26"}],"version-history":[{"count":6,"href":"https:\/\/nvs-al.ch\/index.php?rest_route=\/wp\/v2\/pages\/26\/revisions"}],"predecessor-version":[{"id":2046,"href":"https:\/\/nvs-al.ch\/index.php?rest_route=\/wp\/v2\/pages\/26\/revisions\/2046"}],"wp:attachment":[{"href":"https:\/\/nvs-al.ch\/index.php?rest_route=%2Fwp%2Fv2%2Fmedia&parent=26"}],"curies":[{"name":"wp","href":"https:\/\/api.w.org\/{rel}","templated":true}]}}