{"id":91,"date":"2016-03-27T13:38:45","date_gmt":"2016-03-27T13:38:45","guid":{"rendered":"http:\/\/nvs-al.ch\/?page_id=91"},"modified":"2016-09-18T14:06:50","modified_gmt":"2016-09-18T14:06:50","slug":"nistkaesten","status":"publish","type":"page","link":"https:\/\/nvs-al.ch\/?page_id=91","title":{"rendered":"Nistk\u00e4sten"},"content":{"rendered":"<h5 style=\"padding-left: 30px;\">Wenn Sie einen Nistkasten ben\u00f6tigen, so k\u00f6nnen Sie diesen bei<br \/>\nFrau Yvonne Liechti bestellen.<br \/>\nAls Bausatz oder montiert je St\u00fcck f\u00fcr Fr. 25.00<br \/>\nper Email yvonne.liechti(AT)nvs-al.ch<br \/>\noder telefonisch 079 565 92 81 (Telefonbeantworter, mit Bestellung bitte vollst\u00e4ndige Adresse hinterlassen)<\/h5>\n<p style=\"padding-left: 30px;\"><img loading=\"lazy\" decoding=\"async\" class=\"alignnone size-medium wp-image-88\" src=\"http:\/\/nvs-al.ch\/wp-content\/uploads\/2016\/03\/Nisthoehlen_1587-300x276.jpg\" alt=\"Nisthoehlen_1587\" width=\"300\" height=\"276\" srcset=\"https:\/\/nvs-al.ch\/wp-content\/uploads\/2016\/03\/Nisthoehlen_1587-300x276.jpg 300w, https:\/\/nvs-al.ch\/wp-content\/uploads\/2016\/03\/Nisthoehlen_1587-163x150.jpg 163w, https:\/\/nvs-al.ch\/wp-content\/uploads\/2016\/03\/Nisthoehlen_1587-150x138.jpg 150w, https:\/\/nvs-al.ch\/wp-content\/uploads\/2016\/03\/Nisthoehlen_1587.jpg 345w\" sizes=\"auto, (max-width: 300px) 100vw, 300px\" \/>\u00a0\u00a0\u00a0\u00a0 <img loading=\"lazy\" decoding=\"async\" class=\"alignnone size-medium wp-image-89\" src=\"http:\/\/nvs-al.ch\/wp-content\/uploads\/2016\/03\/Nistkasten-bestellen-300x171.jpg\" alt=\"Nistkasten bestellen\" width=\"300\" height=\"171\" srcset=\"https:\/\/nvs-al.ch\/wp-content\/uploads\/2016\/03\/Nistkasten-bestellen-300x171.jpg 300w, https:\/\/nvs-al.ch\/wp-content\/uploads\/2016\/03\/Nistkasten-bestellen-768x437.jpg 768w, https:\/\/nvs-al.ch\/wp-content\/uploads\/2016\/03\/Nistkasten-bestellen-1024x582.jpg 1024w, https:\/\/nvs-al.ch\/wp-content\/uploads\/2016\/03\/Nistkasten-bestellen-250x142.jpg 250w, https:\/\/nvs-al.ch\/wp-content\/uploads\/2016\/03\/Nistkasten-bestellen-150x85.jpg 150w, https:\/\/nvs-al.ch\/wp-content\/uploads\/2016\/03\/Nistkasten-bestellen.jpg 1219w\" sizes=\"auto, (max-width: 300px) 100vw, 300px\" \/><\/p>\n<p>&nbsp;<\/p>\n","protected":false},"excerpt":{"rendered":"<p>Wenn Sie einen Nistkasten ben\u00f6tigen, so k\u00f6nnen Sie diesen bei Frau Yvonne Liechti bestellen. Als Bausatz oder montiert je St\u00fcck f\u00fcr Fr. 25.00 per Email yvonne.liechti(AT)nvs-al.ch oder telefonisch 079 565 92 81 (Telefonbeantworter, mit Bestellung bitte vollst\u00e4ndige Adresse hinterlassen) \u00a0\u00a0\u00a0\u00a0 &nbsp;<\/p>\n<p> <a class=\"continue-reading-link\" href=\"https:\/\/nvs-al.ch\/?page_id=91\"><span>Weiterlesen<\/span><i class=\"crycon-right-dir\"><\/i><\/a> <\/p>\n","protected":false},"author":1,"featured_media":0,"parent":24,"menu_order":0,"comment_status":"closed","ping_status":"closed","template":"","meta":{"footnotes":""},"class_list":["post-91","page","type-page","status-publish","hentry"],"_links":{"self":[{"href":"https:\/\/nvs-al.ch\/index.php?rest_route=\/wp\/v2\/pages\/91","targetHints":{"allow":["GET"]}}],"collection":[{"href":"https:\/\/nvs-al.ch\/index.php?rest_route=\/wp\/v2\/pages"}],"about":[{"href":"https:\/\/nvs-al.ch\/index.php?rest_route=\/wp\/v2\/types\/page"}],"author":[{"embeddable":true,"href":"https:\/\/nvs-al.ch\/index.php?rest_route=\/wp\/v2\/users\/1"}],"replies":[{"embeddable":true,"href":"https:\/\/nvs-al.ch\/index.php?rest_route=%2Fwp%2Fv2%2Fcomments&post=91"}],"version-history":[{"count":6,"href":"https:\/\/nvs-al.ch\/index.php?rest_route=\/wp\/v2\/pages\/91\/revisions"}],"predecessor-version":[{"id":128,"href":"https:\/\/nvs-al.ch\/index.php?rest_route=\/wp\/v2\/pages\/91\/revisions\/128"}],"up":[{"embeddable":true,"href":"https:\/\/nvs-al.ch\/index.php?rest_route=\/wp\/v2\/pages\/24"}],"wp:attachment":[{"href":"https:\/\/nvs-al.ch\/index.php?rest_route=%2Fwp%2Fv2%2Fmedia&parent=91"}],"curies":[{"name":"wp","href":"https:\/\/api.w.org\/{rel}","templated":true}]}}